{"id":1220,"date":"2022-10-20T04:27:13","date_gmt":"2022-10-20T08:27:13","guid":{"rendered":"https:\/\/puravidabitcoin.io\/?page_id=1220"},"modified":"2023-03-31T12:12:40","modified_gmt":"2023-03-31T16:12:40","slug":"faq","status":"publish","type":"page","link":"https:\/\/puravidabitcoin.io\/es\/faq\/","title":{"rendered":"Faq"},"content":{"rendered":"<div data-elementor-type=\"wp-page\" data-elementor-id=\"1220\" class=\"elementor elementor-1220\">\n\t\t\t\t\t\t<section class=\"elementor-section elementor-top-section elementor-element elementor-element-419cfcb2 elementor-section-content-middle inner-page-banner-section elementor-section-boxed elementor-section-height-default elementor-section-height-default\" data-id=\"419cfcb2\" data-element_type=\"section\" data-e-type=\"section\" data-settings=\"{&quot;background_background&quot;:&quot;classic&quot;}\">\n\t\t\t\t\t\t\t<div class=\"elementor-background-overlay\"><\/div>\n\t\t\t\t\t\t\t<div class=\"elementor-container elementor-column-gap-no\">\n\t\t\t\t\t<div class=\"elementor-column elementor-col-100 elementor-top-column elementor-element elementor-element-4c2e4a53 inner-page-banner-outer\" data-id=\"4c2e4a53\" data-element_type=\"column\" data-e-type=\"column\">\n\t\t\t<div class=\"elementor-widget-wrap elementor-element-populated\">\n\t\t\t\t\t\t<div class=\"elementor-element elementor-element-475ca53b inner-page-banner-title elementor-widget elementor-widget-heading\" data-id=\"475ca53b\" data-element_type=\"widget\" data-e-type=\"widget\" data-widget_type=\"heading.default\">\n\t\t\t\t<div class=\"elementor-widget-container\">\n\t\t\t\t\t<h2 class=\"elementor-heading-title elementor-size-default\">Preguntas Frecuentes<\/h2>\t\t\t\t<\/div>\n\t\t\t\t<\/div>\n\t\t\t\t\t<\/div>\n\t\t<\/div>\n\t\t\t\t\t<\/div>\n\t\t<\/section>\n\t\t\t\t<section class=\"elementor-section elementor-top-section elementor-element elementor-element-94f646d faq-section elementor-section-boxed elementor-section-height-default elementor-section-height-default\" data-id=\"94f646d\" data-element_type=\"section\" data-e-type=\"section\">\n\t\t\t\t\t\t<div class=\"elementor-container elementor-column-gap-default\">\n\t\t\t\t\t<div class=\"elementor-column elementor-col-100 elementor-top-column elementor-element elementor-element-9fb52e1\" data-id=\"9fb52e1\" data-element_type=\"column\" data-e-type=\"column\">\n\t\t\t<div class=\"elementor-widget-wrap elementor-element-populated\">\n\t\t\t\t\t\t<section class=\"elementor-section elementor-inner-section elementor-element elementor-element-a4d1f75 title-section title-section-center elementor-section-boxed elementor-section-height-default elementor-section-height-default\" data-id=\"a4d1f75\" data-element_type=\"section\" data-e-type=\"section\">\n\t\t\t\t\t\t<div class=\"elementor-container elementor-column-gap-default\">\n\t\t\t\t\t<div class=\"elementor-column elementor-col-100 elementor-inner-column elementor-element elementor-element-960ba95\" data-id=\"960ba95\" data-element_type=\"column\" data-e-type=\"column\">\n\t\t\t<div class=\"elementor-widget-wrap elementor-element-populated\">\n\t\t\t\t\t\t<div class=\"elementor-element elementor-element-679796a section-title elementor-widget elementor-widget-heading\" data-id=\"679796a\" data-element_type=\"widget\" data-e-type=\"widget\" data-widget_type=\"heading.default\">\n\t\t\t\t<div class=\"elementor-widget-container\">\n\t\t\t\t\t<h2 class=\"elementor-heading-title elementor-size-default\">Preguntas <span>Frecuentes<\/span><\/h2>\t\t\t\t<\/div>\n\t\t\t\t<\/div>\n\t\t\t\t\t<\/div>\n\t\t<\/div>\n\t\t\t\t\t<\/div>\n\t\t<\/section>\n\t\t\t\t<section class=\"elementor-section elementor-inner-section elementor-element elementor-element-2a852d0 faq-outer elementor-section-boxed elementor-section-height-default elementor-section-height-default\" data-id=\"2a852d0\" data-element_type=\"section\" data-e-type=\"section\">\n\t\t\t\t\t\t<div class=\"elementor-container elementor-column-gap-default\">\n\t\t\t\t\t<div class=\"elementor-column elementor-col-50 elementor-inner-column elementor-element elementor-element-dbaa747\" data-id=\"dbaa747\" data-element_type=\"column\" data-e-type=\"column\">\n\t\t\t<div class=\"elementor-widget-wrap elementor-element-populated\">\n\t\t\t\t\t\t<div class=\"elementor-element elementor-element-4b76dd7 faq-acc elementor-widget elementor-widget-accordion\" data-id=\"4b76dd7\" data-element_type=\"widget\" data-e-type=\"widget\" data-widget_type=\"accordion.default\">\n\t\t\t\t<div class=\"elementor-widget-container\">\n\t\t\t\t\t\t\t<div class=\"elementor-accordion\">\n\t\t\t\t\t\t\t<div class=\"elementor-accordion-item\">\n\t\t\t\t\t<div id=\"elementor-tab-title-7911\" class=\"elementor-tab-title\" data-tab=\"1\" role=\"button\" aria-controls=\"elementor-tab-content-7911\" aria-expanded=\"false\">\n\t\t\t\t\t\t\t\t\t\t\t\t\t<span class=\"elementor-accordion-icon elementor-accordion-icon-right\" aria-hidden=\"true\">\n\t\t\t\t\t\t\t\t\t\t\t\t\t\t\t<span class=\"elementor-accordion-icon-closed\"><i class=\"fas fa-plus\"><\/i><\/span>\n\t\t\t\t\t\t\t\t<span class=\"elementor-accordion-icon-opened\"><i class=\"fas fa-minus\"><\/i><\/span>\n\t\t\t\t\t\t\t\t\t\t\t\t\t\t<\/span>\n\t\t\t\t\t\t\t\t\t\t\t\t<a class=\"elementor-accordion-title\" tabindex=\"0\">\u00bfQu\u00e9 es Bitcoin?<\/a>\n\t\t\t\t\t<\/div>\n\t\t\t\t\t<div id=\"elementor-tab-content-7911\" class=\"elementor-tab-content elementor-clearfix\" data-tab=\"1\" role=\"region\" aria-labelledby=\"elementor-tab-title-7911\"><p>En pocas palabras, Bitcoin es un m\u00e9todo diferente para enviar y recibir dinero. En lugar de utilizar bancos y otras instituciones financieras, utiliza un <a href=\"https:\/\/www.investopedia.com\/tech\/what-cryptocurrency-public-ledger\/\" target=\"_blank\" rel=\"noopener\"><u>libro de contabilidad p\u00fablico<\/u><\/a> para crear un registro permanente de las transacciones. Este libro de contabilidad p\u00fablico est\u00e1 protegido y verificado por m\u00e1s de 100.000 nodos que se mantienen en todo el mundo.<\/p>\n<p>Para obtener m\u00e1s informaci\u00f3n sobre Bitcoin, aqu\u00ed hay algunos enlaces \u00fatiles:<\/p>\n<p><a href=\"https:\/\/blockonomi.com\/bitcoin-educational-resources\/\" target=\"_blank\" rel=\"noopener\"><u>https:\/\/blockonomi.com\/bitcoin-educational-resources\/<\/u><\/a><\/p>\n<p><a href=\"https:\/\/www.ledger.com\/academy\/bitcoin-beginners-guide\" target=\"_blank\" rel=\"noopener\"><u>https:\/\/www.ledger.com\/academy\/bitcoin-beginners-guide<\/u><\/a><\/p><\/div>\n\t\t\t\t<\/div>\n\t\t\t\t\t\t\t<div class=\"elementor-accordion-item\">\n\t\t\t\t\t<div id=\"elementor-tab-title-7912\" class=\"elementor-tab-title\" data-tab=\"2\" role=\"button\" aria-controls=\"elementor-tab-content-7912\" aria-expanded=\"false\">\n\t\t\t\t\t\t\t\t\t\t\t\t\t<span class=\"elementor-accordion-icon elementor-accordion-icon-right\" aria-hidden=\"true\">\n\t\t\t\t\t\t\t\t\t\t\t\t\t\t\t<span class=\"elementor-accordion-icon-closed\"><i class=\"fas fa-plus\"><\/i><\/span>\n\t\t\t\t\t\t\t\t<span class=\"elementor-accordion-icon-opened\"><i class=\"fas fa-minus\"><\/i><\/span>\n\t\t\t\t\t\t\t\t\t\t\t\t\t\t<\/span>\n\t\t\t\t\t\t\t\t\t\t\t\t<a class=\"elementor-accordion-title\" tabindex=\"0\">\u00bfQu\u00e9 es la Red Lightning?<\/a>\n\t\t\t\t\t<\/div>\n\t\t\t\t\t<div id=\"elementor-tab-content-7912\" class=\"elementor-tab-content elementor-clearfix\" data-tab=\"2\" role=\"region\" aria-labelledby=\"elementor-tab-title-7912\"><p>La red Lightning es una capa construida sobre Bitcoin, que utiliza la seguridad y estabilidad de la red Bitcoin. Este desarrollo permite que Bitcoin se utilice para transacciones al resolver el problema de la velocidad lenta de las transacciones de la red Bitcoin heredada.<\/p>\n<p>Al utilizar la red Lightning, las transacciones de Bitcoin se procesar\u00e1n en milisegundos en lugar de minutos u horas.<\/p><\/div>\n\t\t\t\t<\/div>\n\t\t\t\t\t\t\t<div class=\"elementor-accordion-item\">\n\t\t\t\t\t<div id=\"elementor-tab-title-7913\" class=\"elementor-tab-title\" data-tab=\"3\" role=\"button\" aria-controls=\"elementor-tab-content-7913\" aria-expanded=\"false\">\n\t\t\t\t\t\t\t\t\t\t\t\t\t<span class=\"elementor-accordion-icon elementor-accordion-icon-right\" aria-hidden=\"true\">\n\t\t\t\t\t\t\t\t\t\t\t\t\t\t\t<span class=\"elementor-accordion-icon-closed\"><i class=\"fas fa-plus\"><\/i><\/span>\n\t\t\t\t\t\t\t\t<span class=\"elementor-accordion-icon-opened\"><i class=\"fas fa-minus\"><\/i><\/span>\n\t\t\t\t\t\t\t\t\t\t\t\t\t\t<\/span>\n\t\t\t\t\t\t\t\t\t\t\t\t<a class=\"elementor-accordion-title\" tabindex=\"0\">\u00bfQu\u00e9 pasa con la volatilidad?<\/a>\n\t\t\t\t\t<\/div>\n\t\t\t\t\t<div id=\"elementor-tab-content-7913\" class=\"elementor-tab-content elementor-clearfix\" data-tab=\"3\" role=\"region\" aria-labelledby=\"elementor-tab-title-7913\"><p>Tenga la seguridad de que no necesita preocuparse por las fluctuaciones del precio de Bitcoin mientras realiza transacciones o guarda su dinero en la billetera Bitcoin de Pura Vida.<\/p>\n<p>Pura Vida ofrece \u2018StableSats\u2019, que le permite guardar su dinero en USD o Bitcoin en nuestra billetera. Esto significa que tiene la opci\u00f3n de bloquear el valor de su dinero en USD o de optar por mantener su dinero en Bitcoin.&nbsp;<span style=\"font-weight: var( --e-global-typography-text-font-weight ); background-color: var(--wp--custom--color--background);\">Ya sea que desee estabilidad o volatilidad, la elecci\u00f3n es suya.<\/span><\/p><\/div>\n\t\t\t\t<\/div>\n\t\t\t\t\t\t\t\t<\/div>\n\t\t\t\t\t\t<\/div>\n\t\t\t\t<\/div>\n\t\t\t\t\t<\/div>\n\t\t<\/div>\n\t\t\t\t<div class=\"elementor-column elementor-col-50 elementor-inner-column elementor-element elementor-element-c5dc70a\" data-id=\"c5dc70a\" data-element_type=\"column\" data-e-type=\"column\">\n\t\t\t<div class=\"elementor-widget-wrap elementor-element-populated\">\n\t\t\t\t\t\t<div class=\"elementor-element elementor-element-34eee77 faq-acc elementor-widget elementor-widget-accordion\" data-id=\"34eee77\" data-element_type=\"widget\" data-e-type=\"widget\" data-widget_type=\"accordion.default\">\n\t\t\t\t<div class=\"elementor-widget-container\">\n\t\t\t\t\t\t\t<div class=\"elementor-accordion\">\n\t\t\t\t\t\t\t<div class=\"elementor-accordion-item\">\n\t\t\t\t\t<div id=\"elementor-tab-title-5551\" class=\"elementor-tab-title\" data-tab=\"1\" role=\"button\" aria-controls=\"elementor-tab-content-5551\" aria-expanded=\"false\">\n\t\t\t\t\t\t\t\t\t\t\t\t\t<span class=\"elementor-accordion-icon elementor-accordion-icon-right\" aria-hidden=\"true\">\n\t\t\t\t\t\t\t\t\t\t\t\t\t\t\t<span class=\"elementor-accordion-icon-closed\"><i class=\"fas fa-plus\"><\/i><\/span>\n\t\t\t\t\t\t\t\t<span class=\"elementor-accordion-icon-opened\"><i class=\"fas fa-minus\"><\/i><\/span>\n\t\t\t\t\t\t\t\t\t\t\t\t\t\t<\/span>\n\t\t\t\t\t\t\t\t\t\t\t\t<a class=\"elementor-accordion-title\" tabindex=\"0\">\u00bfEs Bitcoin legal en Costa Rica?<\/a>\n\t\t\t\t\t<\/div>\n\t\t\t\t\t<div id=\"elementor-tab-content-5551\" class=\"elementor-tab-content elementor-clearfix\" data-tab=\"1\" role=\"region\" aria-labelledby=\"elementor-tab-title-5551\"><p>S\u00ed,&nbsp;<span style=\"color: var( --e-global-color-text ); font-weight: var( --e-global-typography-text-font-weight ); background-color: var(--wp--custom--color--background);\">Costa Rica es un pa\u00eds amigable con las criptomonedas para cualquiera que quiera usarlas.<\/span><span style=\"color: var( --e-global-color-text ); font-weight: var( --e-global-typography-text-font-weight ); background-color: var(--wp--custom--color--background);\">&nbsp;Costa Rica ha considerado a Bitcoin como una forma de propiedad privada, que tiene sus or\u00edgenes fuera de Costa Rica.<\/span><\/p><\/div>\n\t\t\t\t<\/div>\n\t\t\t\t\t\t\t<div class=\"elementor-accordion-item\">\n\t\t\t\t\t<div id=\"elementor-tab-title-5552\" class=\"elementor-tab-title\" data-tab=\"2\" role=\"button\" aria-controls=\"elementor-tab-content-5552\" aria-expanded=\"false\">\n\t\t\t\t\t\t\t\t\t\t\t\t\t<span class=\"elementor-accordion-icon elementor-accordion-icon-right\" aria-hidden=\"true\">\n\t\t\t\t\t\t\t\t\t\t\t\t\t\t\t<span class=\"elementor-accordion-icon-closed\"><i class=\"fas fa-plus\"><\/i><\/span>\n\t\t\t\t\t\t\t\t<span class=\"elementor-accordion-icon-opened\"><i class=\"fas fa-minus\"><\/i><\/span>\n\t\t\t\t\t\t\t\t\t\t\t\t\t\t<\/span>\n\t\t\t\t\t\t\t\t\t\t\t\t<a class=\"elementor-accordion-title\" tabindex=\"0\">\u00bfPuedo pagar cosas con Bitcoin?<\/a>\n\t\t\t\t\t<\/div>\n\t\t\t\t\t<div id=\"elementor-tab-content-5552\" class=\"elementor-tab-content elementor-clearfix\" data-tab=\"2\" role=\"region\" aria-labelledby=\"elementor-tab-title-5552\"><p>Por supuesto. Esta es una de las mejores formas de usar Bitcoin, ya que puedes realizar transacciones entre pares sin necesidad de autorizaci\u00f3n de instituciones financieras. Esto significa que puedes realizar transacciones con cualquier persona por cualquier valor en un instante.<\/p><\/div>\n\t\t\t\t<\/div>\n\t\t\t\t\t\t\t\t<\/div>\n\t\t\t\t\t\t<\/div>\n\t\t\t\t<\/div>\n\t\t\t\t\t<\/div>\n\t\t<\/div>\n\t\t\t\t\t<\/div>\n\t\t<\/section>\n\t\t\t\t\t<\/div>\n\t\t<\/div>\n\t\t\t\t\t<\/div>\n\t\t<\/section>\n\t\t\t\t<\/div>","protected":false},"excerpt":{"rendered":"<p>FAQ Frequently Asked Questions What is Bitcoin? Simply put, Bitcoin is a different method to send and receive money. Instead of using banks and other financial institutions, it uses a public ledger to create a permanent record of the transactions. This public ledger is secured and verified by more than 100,000 nodes maintained around the [&hellip;]<\/p>\n","protected":false},"author":222391567,"featured_media":0,"parent":0,"menu_order":0,"comment_status":"closed","ping_status":"closed","template":"elementor_header_footer","meta":{"_crdt_document":"","jetpack_post_was_ever_published":false,"footnotes":""},"class_list":["post-1220","page","type-page","status-publish","hentry"],"jetpack_likes_enabled":true,"jetpack_sharing_enabled":true,"jetpack_shortlink":"https:\/\/wp.me\/Pe2EsP-jG","jetpack-related-posts":[{"id":1172,"url":"https:\/\/puravidabitcoin.io\/es\/otc-desk\/","url_meta":{"origin":1220,"position":0},"title":"OTC Desk","author":"Prem Govinda","date":"octubre 20, 2022","format":false,"excerpt":"OTC Desk Costa Rican dedicated Bitcoin OTC Desk Our team is ready to help with all your Bitcoin purchase and sale needs. OTC Desk Services I am text block. Click edit button to change this text. Lorem ipsum dolor sit amet, consectetur adipiscing elit. Ut elit tellus, luctus nec ullamcorper\u2026","rel":"","context":"Entrada similar ","block_context":{"text":"Entrada similar ","link":""},"img":{"alt_text":"","src":"https:\/\/i0.wp.com\/puravidabitcoin.io\/wp-content\/uploads\/2022\/10\/Group.png?resize=350%2C200&ssl=1","width":350,"height":200},"classes":[]},{"id":416,"url":"https:\/\/puravidabitcoin.io\/es\/faq-old\/","url_meta":{"origin":1220,"position":1},"title":"FAQ OLD","author":"Prem Govinda","date":"agosto 3, 2022","format":false,"excerpt":"Frequently Ask Question I am text block. Click edit button to change this text. Lorem ipsum dolor sit amet, consectetur adipiscing elit. Ut elit tellus, luctus nec ullamcorper mattis, pulvinar dapibus leo. FAQ Most frequent questions and answers What is BTC I am item content. Click edit button to change\u2026","rel":"","context":"Entrada similar ","block_context":{"text":"Entrada similar ","link":""},"img":{"alt_text":"","src":"","width":0,"height":0},"classes":[]},{"id":1057,"url":"https:\/\/puravidabitcoin.io\/es\/contact-us\/","url_meta":{"origin":1220,"position":2},"title":"P\u00f3ngase en Contacto con Nosotros","author":"Prem Govinda","date":"octubre 14, 2022","format":false,"excerpt":"Get In Touch We look forward to hearing from you. Please fill out the Contact Form to get in touch with the Pura Vida Team. Contact Us Contact Information I am text block. Click edit button to change this text. Lorem ipsum dolor sit amet, consectetur adipiscing elit. Ut elit\u2026","rel":"","context":"Entrada similar ","block_context":{"text":"Entrada similar ","link":""},"img":{"alt_text":"","src":"https:\/\/i0.wp.com\/puravidabitcoin.io\/wp-content\/uploads\/2022\/10\/icon-location.png?resize=350%2C200&ssl=1","width":350,"height":200},"classes":[]},{"id":1345,"url":"https:\/\/puravidabitcoin.io\/es\/feria\/","url_meta":{"origin":1220,"position":3},"title":"Feria","author":"Prem Govinda","date":"octubre 20, 2022","format":false,"excerpt":"Ferias Join our network of Costa Rican Ferias to transact with your customers using the Bitcoin Lightning Network. Feria Opportunity Join Pura Vida's Feria Network to unlock the most secure and fast way to transact with your customers. Lightning Fast Transactions Low Transaction Fees No Transaction Limits Expand Your Customer\u2026","rel":"","context":"Entrada similar ","block_context":{"text":"Entrada similar ","link":""},"img":{"alt_text":"","src":"https:\/\/i0.wp.com\/puravidabitcoin.io\/wp-content\/uploads\/2022\/10\/graphic-SUN38T2-1.png?resize=350%2C200&ssl=1","width":350,"height":200},"classes":[]},{"id":149,"url":"https:\/\/puravidabitcoin.io\/es\/blog\/","url_meta":{"origin":1220,"position":4},"title":"Blog","author":"Prem Govinda","date":"julio 31, 2022","format":false,"excerpt":"Blogs & Articles Coming Soon","rel":"","context":"Entrada similar ","block_context":{"text":"Entrada similar ","link":""},"img":{"alt_text":"","src":"","width":0,"height":0},"classes":[]},{"id":441,"url":"https:\/\/puravidabitcoin.io\/es\/events\/","url_meta":{"origin":1220,"position":5},"title":"Eventos","author":"","date":"agosto 3, 2022","format":false,"excerpt":"Events I am text block. Click edit button to change this text. Lorem ipsum dolor sit amet, consectetur adipiscing elit. Ut elit tellus, luctus nec ullamcorper mattis, pulvinar dapibus leo.","rel":"","context":"Entrada similar ","block_context":{"text":"Entrada similar ","link":""},"img":{"alt_text":"","src":"","width":0,"height":0},"classes":[]}],"_links":{"self":[{"href":"https:\/\/puravidabitcoin.io\/es\/wp-json\/wp\/v2\/pages\/1220","targetHints":{"allow":["GET"]}}],"collection":[{"href":"https:\/\/puravidabitcoin.io\/es\/wp-json\/wp\/v2\/pages"}],"about":[{"href":"https:\/\/puravidabitcoin.io\/es\/wp-json\/wp\/v2\/types\/page"}],"author":[{"embeddable":true,"href":"https:\/\/puravidabitcoin.io\/es\/wp-json\/wp\/v2\/users\/222391567"}],"replies":[{"embeddable":true,"href":"https:\/\/puravidabitcoin.io\/es\/wp-json\/wp\/v2\/comments?post=1220"}],"version-history":[{"count":100,"href":"https:\/\/puravidabitcoin.io\/es\/wp-json\/wp\/v2\/pages\/1220\/revisions"}],"predecessor-version":[{"id":2211,"href":"https:\/\/puravidabitcoin.io\/es\/wp-json\/wp\/v2\/pages\/1220\/revisions\/2211"}],"wp:attachment":[{"href":"https:\/\/puravidabitcoin.io\/es\/wp-json\/wp\/v2\/media?parent=1220"}],"curies":[{"name":"wp","href":"https:\/\/api.w.org\/{rel}","templated":true}]}}